{"id":1196,"date":"2023-04-12T14:46:05","date_gmt":"2023-04-12T14:46:05","guid":{"rendered":"https:\/\/www.solhabitat.com\/blog\/?page_id=1196"},"modified":"2023-04-12T14:47:08","modified_gmt":"2023-04-12T14:47:08","slug":"tourismus-costa-blanca","status":"publish","type":"page","link":"https:\/\/www.solhabitat.com\/blog\/de\/","title":{"rendered":"Elementor #1196"},"content":{"rendered":"\t\t<div data-elementor-type=\"wp-page\" data-elementor-id=\"1196\" class=\"elementor elementor-1196 elementor-1157\">\n\t\t\t\t\t\t\t\t\t<section class=\"elementor-section elementor-top-section elementor-element elementor-element-bc1053e elementor-section-boxed elementor-section-height-default elementor-section-height-default\" data-id=\"bc1053e\" data-element_type=\"section\">\n\t\t\t\t\t\t<div class=\"elementor-container elementor-column-gap-default\">\n\t\t\t\t\t<div class=\"elementor-column elementor-col-100 elementor-top-column elementor-element elementor-element-8608b67\" data-id=\"8608b67\" data-element_type=\"column\">\n\t\t\t<div class=\"elementor-widget-wrap elementor-element-populated\">\n\t\t\t\t\t\t\t\t<div class=\"elementor-element elementor-element-6cda90c elementor-view-default elementor-widget elementor-widget-icon\" data-id=\"6cda90c\" data-element_type=\"widget\" data-widget_type=\"icon.default\">\n\t\t\t\t<div class=\"elementor-widget-container\">\n\t\t\t\t\t<div class=\"elementor-icon-wrapper\">\n\t\t\t<div class=\"elementor-icon\">\n\t\t\t<i aria-hidden=\"true\" class=\"fas fa-sun\"><\/i>\t\t\t<\/div>\n\t\t<\/div>\n\t\t\t\t<\/div>\n\t\t\t\t<\/div>\n\t\t\t\t<div class=\"elementor-element elementor-element-1cbfdbb elementor-widget elementor-widget-heading\" data-id=\"1cbfdbb\" data-element_type=\"widget\" data-widget_type=\"heading.default\">\n\t\t\t\t<div class=\"elementor-widget-container\">\n\t\t\t<style>\/*! elementor - v3.12.1 - 02-04-2023 *\/\n.elementor-heading-title{padding:0;margin:0;line-height:1}.elementor-widget-heading .elementor-heading-title[class*=elementor-size-]>a{color:inherit;font-size:inherit;line-height:inherit}.elementor-widget-heading .elementor-heading-title.elementor-size-small{font-size:15px}.elementor-widget-heading .elementor-heading-title.elementor-size-medium{font-size:19px}.elementor-widget-heading .elementor-heading-title.elementor-size-large{font-size:29px}.elementor-widget-heading .elementor-heading-title.elementor-size-xl{font-size:39px}.elementor-widget-heading .elementor-heading-title.elementor-size-xxl{font-size:59px}<\/style><h1 class=\"elementor-heading-title elementor-size-default\">Alle touristischen Informationen \u00fcber die Costa Blanca<\/h1>\t\t<\/div>\n\t\t\t\t<\/div>\n\t\t\t\t<div class=\"elementor-element elementor-element-7cb6af5 elementor-widget elementor-widget-text-editor\" data-id=\"7cb6af5\" data-element_type=\"widget\" data-widget_type=\"text-editor.default\">\n\t\t\t\t<div class=\"elementor-widget-container\">\n\t\t\t<style>\/*! elementor - v3.12.1 - 02-04-2023 *\/\n.elementor-widget-text-editor.elementor-drop-cap-view-stacked .elementor-drop-cap{background-color:#69727d;color:#fff}.elementor-widget-text-editor.elementor-drop-cap-view-framed .elementor-drop-cap{color:#69727d;border:3px solid;background-color:transparent}.elementor-widget-text-editor:not(.elementor-drop-cap-view-default) .elementor-drop-cap{margin-top:8px}.elementor-widget-text-editor:not(.elementor-drop-cap-view-default) .elementor-drop-cap-letter{width:1em;height:1em}.elementor-widget-text-editor .elementor-drop-cap{float:left;text-align:center;line-height:1;font-size:50px}.elementor-widget-text-editor .elementor-drop-cap-letter{display:inline-block}<\/style>\t\t\t\t<p style=\"text-align: center;\">Entdecken Sie alles, was die Costa Blanca zu bieten hat, eine Ecke des Mittelmeers, wo Sie einen Traumurlaub verbringen k\u00f6nnen. In Solhabitat haben wir jahrelange Erfahrung im Tourismussektor in der Region und in unserem Blog k\u00f6nnen Sie alles \u00fcber die Str\u00e4nde, Aktivit\u00e4ten, Routen, Wassersportarten, die sch\u00f6nsten D\u00f6rfer und Restaurants erfahren, die Sie bei Ihrem Aufenthalt an der Costa Blanca nicht verpassen d\u00fcrfen.<\/p>\t\t\t\t\t\t<\/div>\n\t\t\t\t<\/div>\n\t\t\t\t\t<\/div>\n\t\t<\/div>\n\t\t\t\t\t\t\t<\/div>\n\t\t<\/section>\n\t\t\t\t<section class=\"elementor-section elementor-top-section elementor-element elementor-element-5beaaea elementor-section-boxed elementor-section-height-default elementor-section-height-default\" data-id=\"5beaaea\" data-element_type=\"section\">\n\t\t\t\t\t\t<div class=\"elementor-container elementor-column-gap-default\">\n\t\t\t\t\t<div class=\"elementor-column elementor-col-100 elementor-top-column elementor-element elementor-element-284272b\" data-id=\"284272b\" data-element_type=\"column\">\n\t\t\t<div class=\"elementor-widget-wrap elementor-element-populated\">\n\t\t\t\t\t\t\t\t<div class=\"elementor-element elementor-element-81a2f88 elementor-grid-2 elementor-grid-tablet-2 elementor-grid-mobile-1 elementor-posts--thumbnail-top elementor-widget elementor-widget-posts\" data-id=\"81a2f88\" data-element_type=\"widget\" data-settings=\"{&quot;classic_columns&quot;:&quot;2&quot;,&quot;classic_columns_tablet&quot;:&quot;2&quot;,&quot;classic_columns_mobile&quot;:&quot;1&quot;,&quot;classic_row_gap&quot;:{&quot;unit&quot;:&quot;px&quot;,&quot;size&quot;:35,&quot;sizes&quot;:[]},&quot;classic_row_gap_tablet&quot;:{&quot;unit&quot;:&quot;px&quot;,&quot;size&quot;:&quot;&quot;,&quot;sizes&quot;:[]},&quot;classic_row_gap_mobile&quot;:{&quot;unit&quot;:&quot;px&quot;,&quot;size&quot;:&quot;&quot;,&quot;sizes&quot;:[]}}\" data-widget_type=\"posts.classic\">\n\t\t\t\t<div class=\"elementor-widget-container\">\n\t\t\t<link rel=\"stylesheet\" href=\"https:\/\/www.solhabitat.com\/blog\/wp-content\/plugins\/elementor-pro\/assets\/css\/widget-posts.min.css\">\t\t<div class=\"elementor-posts-container elementor-posts elementor-posts--skin-classic elementor-grid\">\n\t\t\t\t<article class=\"elementor-post elementor-grid-item post-892 post type-post status-publish format-standard has-post-thumbnail hentry category-unkategorisiert\">\n\t\t\t\t<a class=\"elementor-post__thumbnail__link\" href=\"https:\/\/www.solhabitat.com\/blog\/de\/das-vogue-magazin-nennt-moraira-als-einen-der-besten-orte-um-ihren-sommer-zu-verbringen\/\" >\n\t\t\t<div class=\"elementor-post__thumbnail\"><img decoding=\"async\" width=\"751\" height=\"430\" src=\"https:\/\/www.solhabitat.com\/blog\/wp-content\/uploads\/2020\/02\/plantilla-ingles-751x430.jpg\" class=\"attachment-post size-post wp-image-897\" alt=\"\" loading=\"lazy\" \/><\/div>\n\t\t<\/a>\n\t\t\t\t<div class=\"elementor-post__text\">\n\t\t\t\t<h3 class=\"elementor-post__title\">\n\t\t\t<a href=\"https:\/\/www.solhabitat.com\/blog\/de\/das-vogue-magazin-nennt-moraira-als-einen-der-besten-orte-um-ihren-sommer-zu-verbringen\/\" >\n\t\t\t\tDas VOGUE MAGAZIN nennt MORAIRA als einen der besten Orte, um Ihren Sommer zu verbringen\t\t\t<\/a>\n\t\t<\/h3>\n\t\t\t\t<div class=\"elementor-post__meta-data\">\n\t\t\t\t\t<span class=\"elementor-post-date\">\n\t\t\tFebruary 24, 2020\t\t<\/span>\n\t\t\t\t<\/div>\n\t\t\t\t<div class=\"elementor-post__excerpt\">\n\t\t\t<p>Das renommierte Stilmagazin Vogue hat eine Top-Liste der besten Orte f\u00fcr einen perfekten Sommerurlaub ver\u00f6ffentlicht. K\u00f6nnen Sie sich vorstellen, welche<\/p>\n\t\t<\/div>\n\t\t\n\t\t<a class=\"elementor-post__read-more\" href=\"https:\/\/www.solhabitat.com\/blog\/de\/das-vogue-magazin-nennt-moraira-als-einen-der-besten-orte-um-ihren-sommer-zu-verbringen\/\" >\n\t\t\tRead More \u00bb\t\t<\/a>\n\n\t\t\t\t<\/div>\n\t\t\t\t<\/article>\n\t\t\t\t<article class=\"elementor-post elementor-grid-item post-858 post type-post status-publish format-standard has-post-thumbnail hentry category-unkategorisiert\">\n\t\t\t\t<a class=\"elementor-post__thumbnail__link\" href=\"https:\/\/www.solhabitat.com\/blog\/de\/besuchen-sie-die-costa-blanca-mit-der-familie-waehrend-ostern-hier-sind-5-tips-die-sie-nicht-verpassen-sollten\/\" >\n\t\t\t<div class=\"elementor-post__thumbnail\"><img decoding=\"async\" width=\"751\" height=\"430\" src=\"https:\/\/www.solhabitat.com\/blog\/wp-content\/uploads\/2020\/02\/castellano-751x430.jpg\" class=\"attachment-post size-post wp-image-882\" alt=\"\" loading=\"lazy\" \/><\/div>\n\t\t<\/a>\n\t\t\t\t<div class=\"elementor-post__text\">\n\t\t\t\t<h3 class=\"elementor-post__title\">\n\t\t\t<a href=\"https:\/\/www.solhabitat.com\/blog\/de\/besuchen-sie-die-costa-blanca-mit-der-familie-waehrend-ostern-hier-sind-5-tips-die-sie-nicht-verpassen-sollten\/\" >\n\t\t\t\tBESUCHEN SIE DIE COSTA BLANCA MIT DER FAMILIE W\u00c4HREND OSTERN? HIER SIND 5 TIPS, DIE SIE NICHT VERPASSEN SOLLTEN.\t\t\t<\/a>\n\t\t<\/h3>\n\t\t\t\t<div class=\"elementor-post__meta-data\">\n\t\t\t\t\t<span class=\"elementor-post-date\">\n\t\t\tFebruary 24, 2020\t\t<\/span>\n\t\t\t\t<\/div>\n\t\t\t\t<div class=\"elementor-post__excerpt\">\n\t\t\t<p>Die Osterferien stehen vor der T\u00fcr und jetzt ist der perfekte Zeitpunkt, um diese Tage mit der Familie, Freunden oder<\/p>\n\t\t<\/div>\n\t\t\n\t\t<a class=\"elementor-post__read-more\" href=\"https:\/\/www.solhabitat.com\/blog\/de\/besuchen-sie-die-costa-blanca-mit-der-familie-waehrend-ostern-hier-sind-5-tips-die-sie-nicht-verpassen-sollten\/\" >\n\t\t\tRead More \u00bb\t\t<\/a>\n\n\t\t\t\t<\/div>\n\t\t\t\t<\/article>\n\t\t\t\t<article class=\"elementor-post elementor-grid-item post-809 post type-post status-publish format-standard has-post-thumbnail hentry category-unkategorisiert\">\n\t\t\t\t<a class=\"elementor-post__thumbnail__link\" href=\"https:\/\/www.solhabitat.com\/blog\/de\/ferienhaeuser-in-costa-blanca-unterschiedlich-von-dem-was-sie-bis-jetzt-gesehen-haben\/\" >\n\t\t\t<div class=\"elementor-post__thumbnail\"><img decoding=\"async\" width=\"751\" height=\"430\" src=\"https:\/\/www.solhabitat.com\/blog\/wp-content\/uploads\/2020\/02\/plantilla1-751x430.jpg\" class=\"attachment-post size-post wp-image-830\" alt=\"\" loading=\"lazy\" \/><\/div>\n\t\t<\/a>\n\t\t\t\t<div class=\"elementor-post__text\">\n\t\t\t\t<h3 class=\"elementor-post__title\">\n\t\t\t<a href=\"https:\/\/www.solhabitat.com\/blog\/de\/ferienhaeuser-in-costa-blanca-unterschiedlich-von-dem-was-sie-bis-jetzt-gesehen-haben\/\" >\n\t\t\t\tFERIENH\u00c4USER IN COSTA BLANCA UNTERSCHIEDLICH VON DEM, WAS SIE BIS JETZT GESEHEN HABEN.\t\t\t<\/a>\n\t\t<\/h3>\n\t\t\t\t<div class=\"elementor-post__meta-data\">\n\t\t\t\t\t<span class=\"elementor-post-date\">\n\t\t\tFebruary 19, 2020\t\t<\/span>\n\t\t\t\t<\/div>\n\t\t\t\t<div class=\"elementor-post__excerpt\">\n\t\t\t<p>Ihr Urlaub r\u00fcckt n\u00e4her und Sie suchen nach eine Villa, in der Sie erholsame Tage mit Familie oder Freunden verbringen<\/p>\n\t\t<\/div>\n\t\t\n\t\t<a class=\"elementor-post__read-more\" href=\"https:\/\/www.solhabitat.com\/blog\/de\/ferienhaeuser-in-costa-blanca-unterschiedlich-von-dem-was-sie-bis-jetzt-gesehen-haben\/\" >\n\t\t\tRead More \u00bb\t\t<\/a>\n\n\t\t\t\t<\/div>\n\t\t\t\t<\/article>\n\t\t\t\t<article class=\"elementor-post elementor-grid-item post-782 post type-post status-publish format-standard has-post-thumbnail hentry category-unkategorisiert\">\n\t\t\t\t<a class=\"elementor-post__thumbnail__link\" href=\"https:\/\/www.solhabitat.com\/blog\/de\/entdecken-sie-die-besten-tapas-in-moraira\/\" >\n\t\t\t<div class=\"elementor-post__thumbnail\"><img decoding=\"async\" width=\"751\" height=\"430\" src=\"https:\/\/www.solhabitat.com\/blog\/wp-content\/uploads\/2020\/02\/The-best-tapas-1-751x430.png\" class=\"attachment-post size-post wp-image-803\" alt=\"\" loading=\"lazy\" \/><\/div>\n\t\t<\/a>\n\t\t\t\t<div class=\"elementor-post__text\">\n\t\t\t\t<h3 class=\"elementor-post__title\">\n\t\t\t<a href=\"https:\/\/www.solhabitat.com\/blog\/de\/entdecken-sie-die-besten-tapas-in-moraira\/\" >\n\t\t\t\tEntdecken Sie die besten Tapas in Moraira\t\t\t<\/a>\n\t\t<\/h3>\n\t\t\t\t<div class=\"elementor-post__meta-data\">\n\t\t\t\t\t<span class=\"elementor-post-date\">\n\t\t\tFebruary 18, 2020\t\t<\/span>\n\t\t\t\t<\/div>\n\t\t\t\t<div class=\"elementor-post__excerpt\">\n\t\t\t<p>Die besten Tapas von Moraira La Marina Alta ist eine Region der Provinz Alicante, umgeben von Bergen und Meer. Dank<\/p>\n\t\t<\/div>\n\t\t\n\t\t<a class=\"elementor-post__read-more\" href=\"https:\/\/www.solhabitat.com\/blog\/de\/entdecken-sie-die-besten-tapas-in-moraira\/\" >\n\t\t\tRead More \u00bb\t\t<\/a>\n\n\t\t\t\t<\/div>\n\t\t\t\t<\/article>\n\t\t\t\t<article class=\"elementor-post elementor-grid-item post-740 post type-post status-publish format-standard has-post-thumbnail hentry category-unkategorisiert\">\n\t\t\t\t<a class=\"elementor-post__thumbnail__link\" href=\"https:\/\/www.solhabitat.com\/blog\/de\/die-besten-vergnuegungs-und-tierparks-an-der-costa-blanca\/\" >\n\t\t\t<div class=\"elementor-post__thumbnail\"><img decoding=\"async\" width=\"751\" height=\"430\" src=\"https:\/\/www.solhabitat.com\/blog\/wp-content\/uploads\/2020\/02\/The-best-tapas-12-751x430.png\" class=\"attachment-post size-post wp-image-762\" alt=\"\" loading=\"lazy\" \/><\/div>\n\t\t<\/a>\n\t\t\t\t<div class=\"elementor-post__text\">\n\t\t\t\t<h3 class=\"elementor-post__title\">\n\t\t\t<a href=\"https:\/\/www.solhabitat.com\/blog\/de\/die-besten-vergnuegungs-und-tierparks-an-der-costa-blanca\/\" >\n\t\t\t\tDie besten Vergn\u00fcgungs- und Tierparks an der Costa Blanca\t\t\t<\/a>\n\t\t<\/h3>\n\t\t\t\t<div class=\"elementor-post__meta-data\">\n\t\t\t\t\t<span class=\"elementor-post-date\">\n\t\t\tFebruary 18, 2020\t\t<\/span>\n\t\t\t\t<\/div>\n\t\t\t\t<div class=\"elementor-post__excerpt\">\n\t\t\t<p>Sind Sie gekommen, um Ihren Urlaub mit Kindern an der Costa Blanca zu verbringen, und wissen nicht, was Sie tun<\/p>\n\t\t<\/div>\n\t\t\n\t\t<a class=\"elementor-post__read-more\" href=\"https:\/\/www.solhabitat.com\/blog\/de\/die-besten-vergnuegungs-und-tierparks-an-der-costa-blanca\/\" >\n\t\t\tRead More \u00bb\t\t<\/a>\n\n\t\t\t\t<\/div>\n\t\t\t\t<\/article>\n\t\t\t\t<article class=\"elementor-post elementor-grid-item post-705 post type-post status-publish format-standard has-post-thumbnail hentry category-unkategorisiert\">\n\t\t\t\t<a class=\"elementor-post__thumbnail__link\" href=\"https:\/\/www.solhabitat.com\/blog\/de\/die-3-besten-tagesausfluege-von-moraira\/\" >\n\t\t\t<div class=\"elementor-post__thumbnail\"><img decoding=\"async\" width=\"751\" height=\"430\" src=\"https:\/\/www.solhabitat.com\/blog\/wp-content\/uploads\/2020\/02\/day-trips-751x430.jpg\" class=\"attachment-post size-post wp-image-719\" alt=\"\" loading=\"lazy\" \/><\/div>\n\t\t<\/a>\n\t\t\t\t<div class=\"elementor-post__text\">\n\t\t\t\t<h3 class=\"elementor-post__title\">\n\t\t\t<a href=\"https:\/\/www.solhabitat.com\/blog\/de\/die-3-besten-tagesausfluege-von-moraira\/\" >\n\t\t\t\tDie 3 Besten Tagesausfl\u00fcge von Moraira\t\t\t<\/a>\n\t\t<\/h3>\n\t\t\t\t<div class=\"elementor-post__meta-data\">\n\t\t\t\t\t<span class=\"elementor-post-date\">\n\t\t\tFebruary 17, 2020\t\t<\/span>\n\t\t\t\t<\/div>\n\t\t\t\t<div class=\"elementor-post__excerpt\">\n\t\t\t<p>Kommen Sie in eine unserer fantastischen Villen und brauchen Inspirationen, um Ihren Urlaub zu planen? Wenn Sie die traditionellsten Gebiete<\/p>\n\t\t<\/div>\n\t\t\n\t\t<a class=\"elementor-post__read-more\" href=\"https:\/\/www.solhabitat.com\/blog\/de\/die-3-besten-tagesausfluege-von-moraira\/\" >\n\t\t\tRead More \u00bb\t\t<\/a>\n\n\t\t\t\t<\/div>\n\t\t\t\t<\/article>\n\t\t\t\t<\/div>\n\t\t\n\t\t\t\t<\/div>\n\t\t\t\t<\/div>\n\t\t\t\t\t<\/div>\n\t\t<\/div>\n\t\t\t\t\t\t\t<\/div>\n\t\t<\/section>\n\t\t\t\t\t\t\t<\/div>\n\t\t","protected":false},"excerpt":{"rendered":"<p>Alle touristischen Informationen \u00fcber die Costa Blanca Entdecken Sie alles, was die Costa Blanca zu bieten hat, eine Ecke des&#8230;<\/p>\n","protected":false},"author":25,"featured_media":0,"parent":0,"menu_order":0,"comment_status":"closed","ping_status":"closed","template":"elementor_header_footer","meta":[],"yoast_head":"<!-- This site is optimized with the Yoast SEO plugin v20.5 - https:\/\/yoast.com\/wordpress\/plugins\/seo\/ -->\n<title>Tourismus an der Costa Blanca I Blog<\/title>\n<meta name=\"description\" content=\"Entdecken Sie alles \u00fcber die Costa Blanca. Tauchen Sie in unseren Blog ein und entdecken Sie jeden Winkel dieser Mittelmeerregion. Verpassen Sie nichts!\" \/>\n<meta name=\"robots\" content=\"index, follow, max-snippet:-1, max-image-preview:large, max-video-preview:-1\" \/>\n<link rel=\"canonical\" href=\"https:\/\/www.solhabitat.com\/blog\/de\/\" \/>\n<meta property=\"og:locale\" content=\"de_DE\" \/>\n<meta property=\"og:type\" content=\"article\" \/>\n<meta property=\"og:title\" content=\"Tourismus an der Costa Blanca I Blog\" \/>\n<meta property=\"og:description\" content=\"Entdecken Sie alles \u00fcber die Costa Blanca. Tauchen Sie in unseren Blog ein und entdecken Sie jeden Winkel dieser Mittelmeerregion. Verpassen Sie nichts!\" \/>\n<meta property=\"og:url\" content=\"https:\/\/www.solhabitat.com\/blog\/de\/\" \/>\n<meta property=\"og:site_name\" content=\"Solhabitat Holiday Homes | Blog\" \/>\n<meta property=\"article:modified_time\" content=\"2023-04-12T14:47:08+00:00\" \/>\n<meta name=\"twitter:card\" content=\"summary_large_image\" \/>\n<meta name=\"twitter:label1\" content=\"Est. reading time\" \/>\n\t<meta name=\"twitter:data1\" content=\"3 minutes\" \/>\n<script type=\"application\/ld+json\" class=\"yoast-schema-graph\">{\"@context\":\"https:\/\/schema.org\",\"@graph\":[{\"@type\":\"WebPage\",\"@id\":\"https:\/\/www.solhabitat.com\/blog\/de\/\",\"url\":\"https:\/\/www.solhabitat.com\/blog\/de\/\",\"name\":\"Tourismus an der Costa Blanca I Blog\",\"isPartOf\":{\"@id\":\"https:\/\/www.solhabitat.com\/blog\/de\/#website\"},\"datePublished\":\"2023-04-12T14:46:05+00:00\",\"dateModified\":\"2023-04-12T14:47:08+00:00\",\"description\":\"Entdecken Sie alles \u00fcber die Costa Blanca. Tauchen Sie in unseren Blog ein und entdecken Sie jeden Winkel dieser Mittelmeerregion. Verpassen Sie nichts!\",\"inLanguage\":\"de-DE\",\"potentialAction\":[{\"@type\":\"ReadAction\",\"target\":[\"https:\/\/www.solhabitat.com\/blog\/de\/\"]}]},{\"@type\":\"WebSite\",\"@id\":\"https:\/\/www.solhabitat.com\/blog\/de\/#website\",\"url\":\"https:\/\/www.solhabitat.com\/blog\/de\/\",\"name\":\"Solhabitat Holiday Homes | Blog\",\"description\":\"Apartamentos en Costa Blanca - Moraira | SolHabitat\",\"potentialAction\":[{\"@type\":\"SearchAction\",\"target\":{\"@type\":\"EntryPoint\",\"urlTemplate\":\"https:\/\/www.solhabitat.com\/blog\/de\/?s={search_term_string}\"},\"query-input\":\"required name=search_term_string\"}],\"inLanguage\":\"de-DE\"}]}<\/script>\n<!-- \/ Yoast SEO plugin. -->","yoast_head_json":{"title":"Tourismus an der Costa Blanca I Blog","description":"Entdecken Sie alles \u00fcber die Costa Blanca. Tauchen Sie in unseren Blog ein und entdecken Sie jeden Winkel dieser Mittelmeerregion. Verpassen Sie nichts!","robots":{"index":"index","follow":"follow","max-snippet":"max-snippet:-1","max-image-preview":"max-image-preview:large","max-video-preview":"max-video-preview:-1"},"canonical":"https:\/\/www.solhabitat.com\/blog\/de\/","og_locale":"de_DE","og_type":"article","og_title":"Tourismus an der Costa Blanca I Blog","og_description":"Entdecken Sie alles \u00fcber die Costa Blanca. Tauchen Sie in unseren Blog ein und entdecken Sie jeden Winkel dieser Mittelmeerregion. Verpassen Sie nichts!","og_url":"https:\/\/www.solhabitat.com\/blog\/de\/","og_site_name":"Solhabitat Holiday Homes | Blog","article_modified_time":"2023-04-12T14:47:08+00:00","twitter_card":"summary_large_image","twitter_misc":{"Est. reading time":"3 minutes"},"schema":{"@context":"https:\/\/schema.org","@graph":[{"@type":"WebPage","@id":"https:\/\/www.solhabitat.com\/blog\/de\/","url":"https:\/\/www.solhabitat.com\/blog\/de\/","name":"Tourismus an der Costa Blanca I Blog","isPartOf":{"@id":"https:\/\/www.solhabitat.com\/blog\/de\/#website"},"datePublished":"2023-04-12T14:46:05+00:00","dateModified":"2023-04-12T14:47:08+00:00","description":"Entdecken Sie alles \u00fcber die Costa Blanca. Tauchen Sie in unseren Blog ein und entdecken Sie jeden Winkel dieser Mittelmeerregion. Verpassen Sie nichts!","inLanguage":"de-DE","potentialAction":[{"@type":"ReadAction","target":["https:\/\/www.solhabitat.com\/blog\/de\/"]}]},{"@type":"WebSite","@id":"https:\/\/www.solhabitat.com\/blog\/de\/#website","url":"https:\/\/www.solhabitat.com\/blog\/de\/","name":"Solhabitat Holiday Homes | Blog","description":"Apartamentos en Costa Blanca - Moraira | SolHabitat","potentialAction":[{"@type":"SearchAction","target":{"@type":"EntryPoint","urlTemplate":"https:\/\/www.solhabitat.com\/blog\/de\/?s={search_term_string}"},"query-input":"required name=search_term_string"}],"inLanguage":"de-DE"}]}},"_links":{"self":[{"href":"https:\/\/www.solhabitat.com\/blog\/de\/wp-json\/wp\/v2\/pages\/1196"}],"collection":[{"href":"https:\/\/www.solhabitat.com\/blog\/de\/wp-json\/wp\/v2\/pages"}],"about":[{"href":"https:\/\/www.solhabitat.com\/blog\/de\/wp-json\/wp\/v2\/types\/page"}],"author":[{"embeddable":true,"href":"https:\/\/www.solhabitat.com\/blog\/de\/wp-json\/wp\/v2\/users\/25"}],"replies":[{"embeddable":true,"href":"https:\/\/www.solhabitat.com\/blog\/de\/wp-json\/wp\/v2\/comments?post=1196"}],"version-history":[{"count":4,"href":"https:\/\/www.solhabitat.com\/blog\/de\/wp-json\/wp\/v2\/pages\/1196\/revisions"}],"predecessor-version":[{"id":1200,"href":"https:\/\/www.solhabitat.com\/blog\/de\/wp-json\/wp\/v2\/pages\/1196\/revisions\/1200"}],"wp:attachment":[{"href":"https:\/\/www.solhabitat.com\/blog\/de\/wp-json\/wp\/v2\/media?parent=1196"}],"curies":[{"name":"wp","href":"https:\/\/api.w.org\/{rel}","templated":true}]}}