{"id":1191,"date":"2023-04-12T14:40:00","date_gmt":"2023-04-12T14:40:00","guid":{"rendered":"https:\/\/www.solhabitat.com\/blog\/?page_id=1191"},"modified":"2023-04-12T14:41:50","modified_gmt":"2023-04-12T14:41:50","slug":"tourisme-costa-blanca","status":"publish","type":"page","link":"https:\/\/www.solhabitat.com\/blog\/fr\/","title":{"rendered":"Elementor #1191"},"content":{"rendered":"\t\t<div data-elementor-type=\"wp-page\" data-elementor-id=\"1191\" class=\"elementor elementor-1191 elementor-1157\">\n\t\t\t\t\t\t\t\t\t<section class=\"elementor-section elementor-top-section elementor-element elementor-element-bc1053e elementor-section-boxed elementor-section-height-default elementor-section-height-default\" data-id=\"bc1053e\" data-element_type=\"section\">\n\t\t\t\t\t\t<div class=\"elementor-container elementor-column-gap-default\">\n\t\t\t\t\t<div class=\"elementor-column elementor-col-100 elementor-top-column elementor-element elementor-element-8608b67\" data-id=\"8608b67\" data-element_type=\"column\">\n\t\t\t<div class=\"elementor-widget-wrap elementor-element-populated\">\n\t\t\t\t\t\t\t\t<div class=\"elementor-element elementor-element-6cda90c elementor-view-default elementor-widget elementor-widget-icon\" data-id=\"6cda90c\" data-element_type=\"widget\" data-widget_type=\"icon.default\">\n\t\t\t\t<div class=\"elementor-widget-container\">\n\t\t\t\t\t<div class=\"elementor-icon-wrapper\">\n\t\t\t<div class=\"elementor-icon\">\n\t\t\t<i aria-hidden=\"true\" class=\"fas fa-sun\"><\/i>\t\t\t<\/div>\n\t\t<\/div>\n\t\t\t\t<\/div>\n\t\t\t\t<\/div>\n\t\t\t\t<div class=\"elementor-element elementor-element-1cbfdbb elementor-widget elementor-widget-heading\" data-id=\"1cbfdbb\" data-element_type=\"widget\" data-widget_type=\"heading.default\">\n\t\t\t\t<div class=\"elementor-widget-container\">\n\t\t\t<style>\/*! elementor - v3.12.1 - 02-04-2023 *\/\n.elementor-heading-title{padding:0;margin:0;line-height:1}.elementor-widget-heading .elementor-heading-title[class*=elementor-size-]>a{color:inherit;font-size:inherit;line-height:inherit}.elementor-widget-heading .elementor-heading-title.elementor-size-small{font-size:15px}.elementor-widget-heading .elementor-heading-title.elementor-size-medium{font-size:19px}.elementor-widget-heading .elementor-heading-title.elementor-size-large{font-size:29px}.elementor-widget-heading .elementor-heading-title.elementor-size-xl{font-size:39px}.elementor-widget-heading .elementor-heading-title.elementor-size-xxl{font-size:59px}<\/style><h1 class=\"elementor-heading-title elementor-size-default\">Toute l'information touristique sur la Costa Blanca<\/h1>\t\t<\/div>\n\t\t\t\t<\/div>\n\t\t\t\t<div class=\"elementor-element elementor-element-7cb6af5 elementor-widget elementor-widget-text-editor\" data-id=\"7cb6af5\" data-element_type=\"widget\" data-widget_type=\"text-editor.default\">\n\t\t\t\t<div class=\"elementor-widget-container\">\n\t\t\t<style>\/*! elementor - v3.12.1 - 02-04-2023 *\/\n.elementor-widget-text-editor.elementor-drop-cap-view-stacked .elementor-drop-cap{background-color:#69727d;color:#fff}.elementor-widget-text-editor.elementor-drop-cap-view-framed .elementor-drop-cap{color:#69727d;border:3px solid;background-color:transparent}.elementor-widget-text-editor:not(.elementor-drop-cap-view-default) .elementor-drop-cap{margin-top:8px}.elementor-widget-text-editor:not(.elementor-drop-cap-view-default) .elementor-drop-cap-letter{width:1em;height:1em}.elementor-widget-text-editor .elementor-drop-cap{float:left;text-align:center;line-height:1;font-size:50px}.elementor-widget-text-editor .elementor-drop-cap-letter{display:inline-block}<\/style>\t\t\t\t<p style=\"text-align: center;\">D\u00e9couvrez tout ce que la Costa Blanca a \u00e0 offrir, un coin de la M\u00e9diterran\u00e9e o\u00f9 vous pouvez vivre des vacances de r\u00eave. \u00c0 Solhabitat, nous avons des ann\u00e9es d&#8217;exp\u00e9rience dans le secteur du tourisme dans la r\u00e9gion et dans notre blog, vous pouvez apprendre tout sur les plages, les activit\u00e9s, les routes, les sports nautiques, les plus beaux villages et les restaurants que vous ne pouvez pas manquer pendant votre s\u00e9jour \u00e0 la Costa Blanca.<\/p>\t\t\t\t\t\t<\/div>\n\t\t\t\t<\/div>\n\t\t\t\t\t<\/div>\n\t\t<\/div>\n\t\t\t\t\t\t\t<\/div>\n\t\t<\/section>\n\t\t\t\t<section class=\"elementor-section elementor-top-section elementor-element elementor-element-5beaaea elementor-section-boxed elementor-section-height-default elementor-section-height-default\" data-id=\"5beaaea\" data-element_type=\"section\">\n\t\t\t\t\t\t<div class=\"elementor-container elementor-column-gap-default\">\n\t\t\t\t\t<div class=\"elementor-column elementor-col-100 elementor-top-column elementor-element elementor-element-284272b\" data-id=\"284272b\" data-element_type=\"column\">\n\t\t\t<div class=\"elementor-widget-wrap elementor-element-populated\">\n\t\t\t\t\t\t\t\t<div class=\"elementor-element elementor-element-81a2f88 elementor-grid-2 elementor-grid-tablet-2 elementor-grid-mobile-1 elementor-posts--thumbnail-top elementor-widget elementor-widget-posts\" data-id=\"81a2f88\" data-element_type=\"widget\" data-settings=\"{&quot;classic_columns&quot;:&quot;2&quot;,&quot;classic_columns_tablet&quot;:&quot;2&quot;,&quot;classic_columns_mobile&quot;:&quot;1&quot;,&quot;classic_row_gap&quot;:{&quot;unit&quot;:&quot;px&quot;,&quot;size&quot;:35,&quot;sizes&quot;:[]},&quot;classic_row_gap_tablet&quot;:{&quot;unit&quot;:&quot;px&quot;,&quot;size&quot;:&quot;&quot;,&quot;sizes&quot;:[]},&quot;classic_row_gap_mobile&quot;:{&quot;unit&quot;:&quot;px&quot;,&quot;size&quot;:&quot;&quot;,&quot;sizes&quot;:[]}}\" data-widget_type=\"posts.classic\">\n\t\t\t\t<div class=\"elementor-widget-container\">\n\t\t\t<link rel=\"stylesheet\" href=\"https:\/\/www.solhabitat.com\/blog\/wp-content\/plugins\/elementor-pro\/assets\/css\/widget-posts.min.css\">\t\t<div class=\"elementor-posts-container elementor-posts elementor-posts--skin-classic elementor-grid\">\n\t\t\t\t<article class=\"elementor-post elementor-grid-item post-135 post type-post status-publish format-standard has-post-thumbnail hentry category-vacances\">\n\t\t\t\t<a class=\"elementor-post__thumbnail__link\" href=\"https:\/\/www.solhabitat.com\/blog\/fr\/vous-visitez-la-costa-blanca-en-famille-pour-la-semaine-de-paques-voici-5-plans-pour-incontournables-pour-profiter-de-vos-vacances\/\" >\n\t\t\t<div class=\"elementor-post__thumbnail\"><img decoding=\"async\" width=\"751\" height=\"430\" src=\"https:\/\/www.solhabitat.com\/blog\/wp-content\/uploads\/2017\/02\/fr2.jpg\" class=\"attachment-post size-post wp-image-140\" alt=\"\" loading=\"lazy\" \/><\/div>\n\t\t<\/a>\n\t\t\t\t<div class=\"elementor-post__text\">\n\t\t\t\t<h3 class=\"elementor-post__title\">\n\t\t\t<a href=\"https:\/\/www.solhabitat.com\/blog\/fr\/vous-visitez-la-costa-blanca-en-famille-pour-la-semaine-de-paques-voici-5-plans-pour-incontournables-pour-profiter-de-vos-vacances\/\" >\n\t\t\t\tVOUS VISITEZ LA COSTA BLANCA EN FAMILLE POUR LA SEMAINE DE P\u00c2QUES ? VOICI 5 PLANS POUR INCONTOURNABLES POUR PROFITER DE VOS VACANCES\t\t\t<\/a>\n\t\t<\/h3>\n\t\t\t\t<div class=\"elementor-post__meta-data\">\n\t\t\t\t\t<span class=\"elementor-post-date\">\n\t\t\tFebruary 1, 2017\t\t<\/span>\n\t\t\t\t<\/div>\n\t\t\t\t<div class=\"elementor-post__excerpt\">\n\t\t\t<p>Les vacances de P\u00e2ques approchent et c\u2019est le moment de commencer \u00e0 organiser ces vacances en famille ou cette escapade<\/p>\n\t\t<\/div>\n\t\t\n\t\t<a class=\"elementor-post__read-more\" href=\"https:\/\/www.solhabitat.com\/blog\/fr\/vous-visitez-la-costa-blanca-en-famille-pour-la-semaine-de-paques-voici-5-plans-pour-incontournables-pour-profiter-de-vos-vacances\/\" >\n\t\t\tRead More \u00bb\t\t<\/a>\n\n\t\t\t\t<\/div>\n\t\t\t\t<\/article>\n\t\t\t\t<article class=\"elementor-post elementor-grid-item post-116 post type-post status-publish format-standard has-post-thumbnail hentry\">\n\t\t\t\t<a class=\"elementor-post__thumbnail__link\" href=\"https:\/\/www.solhabitat.com\/blog\/fr\/je-possede-une-villa-vacante-a-moraira-javea-ou-clape-et-jenvisage-sa-location-que-dois-je-faire\/\" >\n\t\t\t<div class=\"elementor-post__thumbnail\"><img decoding=\"async\" width=\"751\" height=\"430\" src=\"https:\/\/www.solhabitat.com\/blog\/wp-content\/uploads\/2016\/12\/plantilla2.jpg\" class=\"attachment-post size-post wp-image-117\" alt=\"\" loading=\"lazy\" \/><\/div>\n\t\t<\/a>\n\t\t\t\t<div class=\"elementor-post__text\">\n\t\t\t\t<h3 class=\"elementor-post__title\">\n\t\t\t<a href=\"https:\/\/www.solhabitat.com\/blog\/fr\/je-possede-une-villa-vacante-a-moraira-javea-ou-clape-et-jenvisage-sa-location-que-dois-je-faire\/\" >\n\t\t\t\tJE POSS\u00c8DE UNE VILLA VACANTE \u00c0 MORAIRA, JAVEA OU CLAPE ET J&#8217;ENVISAGE SA LOCATION. QUE DOIS-JE FAIRE?\t\t\t<\/a>\n\t\t<\/h3>\n\t\t\t\t<div class=\"elementor-post__meta-data\">\n\t\t\t\t\t<span class=\"elementor-post-date\">\n\t\t\tDecember 5, 2016\t\t<\/span>\n\t\t\t\t<\/div>\n\t\t\t\t<div class=\"elementor-post__excerpt\">\n\t\t\t<p>Vous le savez surement d\u00e9ja mais poss\u00e9der une maison vacante dans les zones de Moraira, Javea ou Calpe est une<\/p>\n\t\t<\/div>\n\t\t\n\t\t<a class=\"elementor-post__read-more\" href=\"https:\/\/www.solhabitat.com\/blog\/fr\/je-possede-une-villa-vacante-a-moraira-javea-ou-clape-et-jenvisage-sa-location-que-dois-je-faire\/\" >\n\t\t\tRead More \u00bb\t\t<\/a>\n\n\t\t\t\t<\/div>\n\t\t\t\t<\/article>\n\t\t\t\t<article class=\"elementor-post elementor-grid-item post-19 post type-post status-publish format-standard has-post-thumbnail hentry category-non-classifiee\">\n\t\t\t\t<a class=\"elementor-post__thumbnail__link\" href=\"https:\/\/www.solhabitat.com\/blog\/fr\/villa-maroa-dans-le-top-10-des-meilleures-maisons-de-vacances-de-la-mediterranee\/\" >\n\t\t\t<div class=\"elementor-post__thumbnail\"><img decoding=\"async\" width=\"751\" height=\"430\" src=\"https:\/\/www.solhabitat.com\/blog\/wp-content\/uploads\/2016\/03\/portada-blog-751x430.jpg\" class=\"attachment-post size-post wp-image-9\" alt=\"\" loading=\"lazy\" \/><\/div>\n\t\t<\/a>\n\t\t\t\t<div class=\"elementor-post__text\">\n\t\t\t\t<h3 class=\"elementor-post__title\">\n\t\t\t<a href=\"https:\/\/www.solhabitat.com\/blog\/fr\/villa-maroa-dans-le-top-10-des-meilleures-maisons-de-vacances-de-la-mediterranee\/\" >\n\t\t\t\tVILLA MAROA DANS LE TOP 10 DES MEILLEURES MAISONS DE VACANCES DE LA M\u00c9DITERRAN\u00c9E\t\t\t<\/a>\n\t\t<\/h3>\n\t\t\t\t<div class=\"elementor-post__meta-data\">\n\t\t\t\t\t<span class=\"elementor-post-date\">\n\t\t\tMarch 17, 2016\t\t<\/span>\n\t\t\t\t<\/div>\n\t\t\t\t<div class=\"elementor-post__excerpt\">\n\t\t\t<p>Villa Maroa est une maison tr\u00e8s sp\u00e9ciale pour Solhabitat puisqu\u2019elle a \u00e9t\u00e9 \u00e9lue l\u2019une des 10 meilleures villas de vacances<\/p>\n\t\t<\/div>\n\t\t\n\t\t<a class=\"elementor-post__read-more\" href=\"https:\/\/www.solhabitat.com\/blog\/fr\/villa-maroa-dans-le-top-10-des-meilleures-maisons-de-vacances-de-la-mediterranee\/\" >\n\t\t\tRead More \u00bb\t\t<\/a>\n\n\t\t\t\t<\/div>\n\t\t\t\t<\/article>\n\t\t\t\t<\/div>\n\t\t\n\t\t\t\t<\/div>\n\t\t\t\t<\/div>\n\t\t\t\t\t<\/div>\n\t\t<\/div>\n\t\t\t\t\t\t\t<\/div>\n\t\t<\/section>\n\t\t\t\t\t\t\t<\/div>\n\t\t","protected":false},"excerpt":{"rendered":"<p>Toute l&#8217;information touristique sur la Costa Blanca D\u00e9couvrez tout ce que la Costa Blanca a \u00e0 offrir, un coin de&#8230;<\/p>\n","protected":false},"author":25,"featured_media":0,"parent":0,"menu_order":0,"comment_status":"closed","ping_status":"closed","template":"elementor_header_footer","meta":[],"yoast_head":"<!-- This site is optimized with the Yoast SEO plugin v20.5 - https:\/\/yoast.com\/wordpress\/plugins\/seo\/ -->\n<title>Tourisme sur la Costa Blanca I Blog<\/title>\n<meta name=\"description\" content=\"D\u00e9couvrez tout sur la Costa Blanca. Plongez dans notre blog et d\u00e9couvrez les moindres recoins de cette r\u00e9gion m\u00e9diterran\u00e9enne. Ne manquez rien !\" \/>\n<meta name=\"robots\" content=\"index, follow, max-snippet:-1, max-image-preview:large, max-video-preview:-1\" \/>\n<link rel=\"canonical\" href=\"https:\/\/www.solhabitat.com\/blog\/fr\/\" \/>\n<meta property=\"og:locale\" content=\"fr_FR\" \/>\n<meta property=\"og:type\" content=\"article\" \/>\n<meta property=\"og:title\" content=\"Tourisme sur la Costa Blanca I Blog\" \/>\n<meta property=\"og:description\" content=\"D\u00e9couvrez tout sur la Costa Blanca. Plongez dans notre blog et d\u00e9couvrez les moindres recoins de cette r\u00e9gion m\u00e9diterran\u00e9enne. Ne manquez rien !\" \/>\n<meta property=\"og:url\" content=\"https:\/\/www.solhabitat.com\/blog\/fr\/\" \/>\n<meta property=\"og:site_name\" content=\"Solhabitat Holiday Homes | Blog\" \/>\n<meta property=\"article:modified_time\" content=\"2023-04-12T14:41:50+00:00\" \/>\n<meta name=\"twitter:card\" content=\"summary_large_image\" \/>\n<meta name=\"twitter:label1\" content=\"Est. reading time\" \/>\n\t<meta name=\"twitter:data1\" content=\"2 minutes\" \/>\n<script type=\"application\/ld+json\" class=\"yoast-schema-graph\">{\"@context\":\"https:\/\/schema.org\",\"@graph\":[{\"@type\":\"WebPage\",\"@id\":\"https:\/\/www.solhabitat.com\/blog\/fr\/\",\"url\":\"https:\/\/www.solhabitat.com\/blog\/fr\/\",\"name\":\"Tourisme sur la Costa Blanca I Blog\",\"isPartOf\":{\"@id\":\"https:\/\/www.solhabitat.com\/blog\/fr\/#website\"},\"datePublished\":\"2023-04-12T14:40:00+00:00\",\"dateModified\":\"2023-04-12T14:41:50+00:00\",\"description\":\"D\u00e9couvrez tout sur la Costa Blanca. Plongez dans notre blog et d\u00e9couvrez les moindres recoins de cette r\u00e9gion m\u00e9diterran\u00e9enne. Ne manquez rien !\",\"inLanguage\":\"fr-FR\",\"potentialAction\":[{\"@type\":\"ReadAction\",\"target\":[\"https:\/\/www.solhabitat.com\/blog\/fr\/\"]}]},{\"@type\":\"WebSite\",\"@id\":\"https:\/\/www.solhabitat.com\/blog\/fr\/#website\",\"url\":\"https:\/\/www.solhabitat.com\/blog\/fr\/\",\"name\":\"Solhabitat Holiday Homes | Blog\",\"description\":\"Apartamentos en Costa Blanca - Moraira | SolHabitat\",\"potentialAction\":[{\"@type\":\"SearchAction\",\"target\":{\"@type\":\"EntryPoint\",\"urlTemplate\":\"https:\/\/www.solhabitat.com\/blog\/fr\/?s={search_term_string}\"},\"query-input\":\"required name=search_term_string\"}],\"inLanguage\":\"fr-FR\"}]}<\/script>\n<!-- \/ Yoast SEO plugin. -->","yoast_head_json":{"title":"Tourisme sur la Costa Blanca I Blog","description":"D\u00e9couvrez tout sur la Costa Blanca. Plongez dans notre blog et d\u00e9couvrez les moindres recoins de cette r\u00e9gion m\u00e9diterran\u00e9enne. Ne manquez rien !","robots":{"index":"index","follow":"follow","max-snippet":"max-snippet:-1","max-image-preview":"max-image-preview:large","max-video-preview":"max-video-preview:-1"},"canonical":"https:\/\/www.solhabitat.com\/blog\/fr\/","og_locale":"fr_FR","og_type":"article","og_title":"Tourisme sur la Costa Blanca I Blog","og_description":"D\u00e9couvrez tout sur la Costa Blanca. Plongez dans notre blog et d\u00e9couvrez les moindres recoins de cette r\u00e9gion m\u00e9diterran\u00e9enne. Ne manquez rien !","og_url":"https:\/\/www.solhabitat.com\/blog\/fr\/","og_site_name":"Solhabitat Holiday Homes | Blog","article_modified_time":"2023-04-12T14:41:50+00:00","twitter_card":"summary_large_image","twitter_misc":{"Est. reading time":"2 minutes"},"schema":{"@context":"https:\/\/schema.org","@graph":[{"@type":"WebPage","@id":"https:\/\/www.solhabitat.com\/blog\/fr\/","url":"https:\/\/www.solhabitat.com\/blog\/fr\/","name":"Tourisme sur la Costa Blanca I Blog","isPartOf":{"@id":"https:\/\/www.solhabitat.com\/blog\/fr\/#website"},"datePublished":"2023-04-12T14:40:00+00:00","dateModified":"2023-04-12T14:41:50+00:00","description":"D\u00e9couvrez tout sur la Costa Blanca. Plongez dans notre blog et d\u00e9couvrez les moindres recoins de cette r\u00e9gion m\u00e9diterran\u00e9enne. Ne manquez rien !","inLanguage":"fr-FR","potentialAction":[{"@type":"ReadAction","target":["https:\/\/www.solhabitat.com\/blog\/fr\/"]}]},{"@type":"WebSite","@id":"https:\/\/www.solhabitat.com\/blog\/fr\/#website","url":"https:\/\/www.solhabitat.com\/blog\/fr\/","name":"Solhabitat Holiday Homes | Blog","description":"Apartamentos en Costa Blanca - Moraira | SolHabitat","potentialAction":[{"@type":"SearchAction","target":{"@type":"EntryPoint","urlTemplate":"https:\/\/www.solhabitat.com\/blog\/fr\/?s={search_term_string}"},"query-input":"required name=search_term_string"}],"inLanguage":"fr-FR"}]}},"_links":{"self":[{"href":"https:\/\/www.solhabitat.com\/blog\/fr\/wp-json\/wp\/v2\/pages\/1191"}],"collection":[{"href":"https:\/\/www.solhabitat.com\/blog\/fr\/wp-json\/wp\/v2\/pages"}],"about":[{"href":"https:\/\/www.solhabitat.com\/blog\/fr\/wp-json\/wp\/v2\/types\/page"}],"author":[{"embeddable":true,"href":"https:\/\/www.solhabitat.com\/blog\/fr\/wp-json\/wp\/v2\/users\/25"}],"replies":[{"embeddable":true,"href":"https:\/\/www.solhabitat.com\/blog\/fr\/wp-json\/wp\/v2\/comments?post=1191"}],"version-history":[{"count":4,"href":"https:\/\/www.solhabitat.com\/blog\/fr\/wp-json\/wp\/v2\/pages\/1191\/revisions"}],"predecessor-version":[{"id":1195,"href":"https:\/\/www.solhabitat.com\/blog\/fr\/wp-json\/wp\/v2\/pages\/1191\/revisions\/1195"}],"wp:attachment":[{"href":"https:\/\/www.solhabitat.com\/blog\/fr\/wp-json\/wp\/v2\/media?parent=1191"}],"curies":[{"name":"wp","href":"https:\/\/api.w.org\/{rel}","templated":true}]}}