{"id":1157,"date":"2023-04-04T11:03:16","date_gmt":"2023-04-04T11:03:16","guid":{"rendered":"https:\/\/www.solhabitat.com\/blog\/?page_id=1157"},"modified":"2023-08-09T07:44:04","modified_gmt":"2023-08-09T07:44:04","slug":"turismo-costa-blanca","status":"publish","type":"page","link":"https:\/\/www.solhabitat.com\/blog\/","title":{"rendered":"Toda la informaci\u00f3n tur\u00edstica de Costa Blanca"},"content":{"rendered":"\t\t<div data-elementor-type=\"wp-page\" data-elementor-id=\"1157\" class=\"elementor elementor-1157\">\n\t\t\t\t\t\t\t\t\t<section class=\"elementor-section elementor-top-section elementor-element elementor-element-bc1053e elementor-section-boxed elementor-section-height-default elementor-section-height-default\" data-id=\"bc1053e\" data-element_type=\"section\">\n\t\t\t\t\t\t<div class=\"elementor-container elementor-column-gap-default\">\n\t\t\t\t\t<div class=\"elementor-column elementor-col-100 elementor-top-column elementor-element elementor-element-8608b67\" data-id=\"8608b67\" data-element_type=\"column\">\n\t\t\t<div class=\"elementor-widget-wrap elementor-element-populated\">\n\t\t\t\t\t\t\t\t<div class=\"elementor-element elementor-element-6cda90c elementor-view-default elementor-widget elementor-widget-icon\" data-id=\"6cda90c\" data-element_type=\"widget\" data-widget_type=\"icon.default\">\n\t\t\t\t<div class=\"elementor-widget-container\">\n\t\t\t\t\t<div class=\"elementor-icon-wrapper\">\n\t\t\t<div class=\"elementor-icon\">\n\t\t\t<i aria-hidden=\"true\" class=\"fas fa-sun\"><\/i>\t\t\t<\/div>\n\t\t<\/div>\n\t\t\t\t<\/div>\n\t\t\t\t<\/div>\n\t\t\t\t<div class=\"elementor-element elementor-element-1cbfdbb elementor-widget elementor-widget-heading\" data-id=\"1cbfdbb\" data-element_type=\"widget\" data-widget_type=\"heading.default\">\n\t\t\t\t<div class=\"elementor-widget-container\">\n\t\t\t<style>\/*! elementor - v3.12.1 - 02-04-2023 *\/\n.elementor-heading-title{padding:0;margin:0;line-height:1}.elementor-widget-heading .elementor-heading-title[class*=elementor-size-]>a{color:inherit;font-size:inherit;line-height:inherit}.elementor-widget-heading .elementor-heading-title.elementor-size-small{font-size:15px}.elementor-widget-heading .elementor-heading-title.elementor-size-medium{font-size:19px}.elementor-widget-heading .elementor-heading-title.elementor-size-large{font-size:29px}.elementor-widget-heading .elementor-heading-title.elementor-size-xl{font-size:39px}.elementor-widget-heading .elementor-heading-title.elementor-size-xxl{font-size:59px}<\/style><h1 class=\"elementor-heading-title elementor-size-default\">Toda la informaci\u00f3n tur\u00edstica de Costa Blanca <\/h1>\t\t<\/div>\n\t\t\t\t<\/div>\n\t\t\t\t<div class=\"elementor-element elementor-element-7cb6af5 elementor-widget elementor-widget-text-editor\" data-id=\"7cb6af5\" data-element_type=\"widget\" data-widget_type=\"text-editor.default\">\n\t\t\t\t<div class=\"elementor-widget-container\">\n\t\t\t<style>\/*! elementor - v3.12.1 - 02-04-2023 *\/\n.elementor-widget-text-editor.elementor-drop-cap-view-stacked .elementor-drop-cap{background-color:#69727d;color:#fff}.elementor-widget-text-editor.elementor-drop-cap-view-framed .elementor-drop-cap{color:#69727d;border:3px solid;background-color:transparent}.elementor-widget-text-editor:not(.elementor-drop-cap-view-default) .elementor-drop-cap{margin-top:8px}.elementor-widget-text-editor:not(.elementor-drop-cap-view-default) .elementor-drop-cap-letter{width:1em;height:1em}.elementor-widget-text-editor .elementor-drop-cap{float:left;text-align:center;line-height:1;font-size:50px}.elementor-widget-text-editor .elementor-drop-cap-letter{display:inline-block}<\/style>\t\t\t\t<p style=\"text-align: center;\">Descubre todo lo que tiene para ofrecerte Costa Blanca, un rinc\u00f3n del Mediterr\u00e1neo en el que podr\u00e1s vivir unas vacaciones de ensue\u00f1o. En Solhabitat contamos con a\u00f1os de experiencia en el sector tur\u00edstico de la zona y en nuestro blog podr\u00e1s conocer todo sobre las playas, las actividades, rutas, deportes acu\u00e1ticos, los pueblos m\u00e1s bonitos y los restaurantes que no te puedes perder en tu estancia en la Costa Blanca.<\/p>\t\t\t\t\t\t<\/div>\n\t\t\t\t<\/div>\n\t\t\t\t\t<\/div>\n\t\t<\/div>\n\t\t\t\t\t\t\t<\/div>\n\t\t<\/section>\n\t\t\t\t<section class=\"elementor-section elementor-top-section elementor-element elementor-element-5beaaea elementor-section-boxed elementor-section-height-default elementor-section-height-default\" data-id=\"5beaaea\" data-element_type=\"section\">\n\t\t\t\t\t\t<div class=\"elementor-container elementor-column-gap-default\">\n\t\t\t\t\t<div class=\"elementor-column elementor-col-100 elementor-top-column elementor-element elementor-element-284272b\" data-id=\"284272b\" data-element_type=\"column\">\n\t\t\t<div class=\"elementor-widget-wrap elementor-element-populated\">\n\t\t\t\t\t\t\t\t<div class=\"elementor-element elementor-element-81a2f88 elementor-grid-2 elementor-grid-tablet-2 elementor-grid-mobile-1 elementor-posts--thumbnail-top load-more-align-center elementor-widget elementor-widget-posts\" data-id=\"81a2f88\" data-element_type=\"widget\" data-settings=\"{&quot;classic_columns&quot;:&quot;2&quot;,&quot;pagination_type&quot;:&quot;load_more_on_click&quot;,&quot;classic_columns_tablet&quot;:&quot;2&quot;,&quot;classic_columns_mobile&quot;:&quot;1&quot;,&quot;classic_row_gap&quot;:{&quot;unit&quot;:&quot;px&quot;,&quot;size&quot;:35,&quot;sizes&quot;:[]},&quot;classic_row_gap_tablet&quot;:{&quot;unit&quot;:&quot;px&quot;,&quot;size&quot;:&quot;&quot;,&quot;sizes&quot;:[]},&quot;classic_row_gap_mobile&quot;:{&quot;unit&quot;:&quot;px&quot;,&quot;size&quot;:&quot;&quot;,&quot;sizes&quot;:[]},&quot;load_more_spinner&quot;:{&quot;value&quot;:&quot;fas fa-spinner&quot;,&quot;library&quot;:&quot;fa-solid&quot;}}\" data-widget_type=\"posts.classic\">\n\t\t\t\t<div class=\"elementor-widget-container\">\n\t\t\t<link rel=\"stylesheet\" href=\"https:\/\/www.solhabitat.com\/blog\/wp-content\/plugins\/elementor-pro\/assets\/css\/widget-posts.min.css\">\t\t<div class=\"elementor-posts-container elementor-posts elementor-posts--skin-classic elementor-grid\">\n\t\t\t\t<article class=\"elementor-post elementor-grid-item post-2377 post type-post status-publish format-standard has-post-thumbnail hentry category-zona-costa-blanca\">\n\t\t\t\t<a class=\"elementor-post__thumbnail__link\" href=\"https:\/\/www.solhabitat.com\/blog\/mirador-cap-negre\/\" >\n\t\t\t<div class=\"elementor-post__thumbnail\"><img decoding=\"async\" width=\"751\" height=\"430\" src=\"https:\/\/www.solhabitat.com\/blog\/wp-content\/uploads\/2024\/02\/cap-negre-javea-alicante-751x430.jpg\" class=\"attachment-post size-post wp-image-2402\" alt=\"cap-negre-javea-alicante\" loading=\"lazy\" \/><\/div>\n\t\t<\/a>\n\t\t\t\t<div class=\"elementor-post__text\">\n\t\t\t\t<h3 class=\"elementor-post__title\">\n\t\t\t<a href=\"https:\/\/www.solhabitat.com\/blog\/mirador-cap-negre\/\" >\n\t\t\t\tMirador del Cap Negre: las Mejores Vistas de J\u00e1vea\t\t\t<\/a>\n\t\t<\/h3>\n\t\t\t\t<div class=\"elementor-post__meta-data\">\n\t\t\t\t\t<span class=\"elementor-post-date\">\n\t\t\tfebrero 14, 2024\t\t<\/span>\n\t\t\t\t<\/div>\n\t\t\t\t<div class=\"elementor-post__excerpt\">\n\t\t\t<p>El mirador del Cap Negre, en J\u00e1vea, es uno de los puntos m\u00e1s espectaculares de la costa de Alicante, y<\/p>\n\t\t<\/div>\n\t\t\n\t\t<a class=\"elementor-post__read-more\" href=\"https:\/\/www.solhabitat.com\/blog\/mirador-cap-negre\/\" >\n\t\t\tLeer m\u00e1s\t\t<\/a>\n\n\t\t\t\t<\/div>\n\t\t\t\t<\/article>\n\t\t\t\t<article class=\"elementor-post elementor-grid-item post-2371 post type-post status-publish format-standard has-post-thumbnail hentry category-zona-costa-blanca\">\n\t\t\t\t<a class=\"elementor-post__thumbnail__link\" href=\"https:\/\/www.solhabitat.com\/blog\/cala-andrago\/\" >\n\t\t\t<div class=\"elementor-post__thumbnail\"><img decoding=\"async\" width=\"751\" height=\"430\" src=\"https:\/\/www.solhabitat.com\/blog\/wp-content\/uploads\/2024\/02\/Cala-andrago-alicante-1-751x430.jpg\" class=\"attachment-post size-post wp-image-2393\" alt=\"Cala andrago alicante\" loading=\"lazy\" \/><\/div>\n\t\t<\/a>\n\t\t\t\t<div class=\"elementor-post__text\">\n\t\t\t\t<h3 class=\"elementor-post__title\">\n\t\t\t<a href=\"https:\/\/www.solhabitat.com\/blog\/cala-andrago\/\" >\n\t\t\t\tCala L&#8217;Andrag\u00f3: Espectacular Cala en Moraira\t\t\t<\/a>\n\t\t<\/h3>\n\t\t\t\t<div class=\"elementor-post__meta-data\">\n\t\t\t\t\t<span class=\"elementor-post-date\">\n\t\t\tfebrero 14, 2024\t\t<\/span>\n\t\t\t\t<\/div>\n\t\t\t\t<div class=\"elementor-post__excerpt\">\n\t\t\t<p>Empezamos por decir que la Cala L\u2019Andrag\u00f3 es una de las calas m\u00e1s bonitas de Alicante. Y es que sus<\/p>\n\t\t<\/div>\n\t\t\n\t\t<a class=\"elementor-post__read-more\" href=\"https:\/\/www.solhabitat.com\/blog\/cala-andrago\/\" >\n\t\t\tLeer m\u00e1s\t\t<\/a>\n\n\t\t\t\t<\/div>\n\t\t\t\t<\/article>\n\t\t\t\t<article class=\"elementor-post elementor-grid-item post-2302 post type-post status-publish format-standard has-post-thumbnail hentry category-zona-costa-blanca\">\n\t\t\t\t<a class=\"elementor-post__thumbnail__link\" href=\"https:\/\/www.solhabitat.com\/blog\/castell-de-la-granadella\/\" >\n\t\t\t<div class=\"elementor-post__thumbnail\"><img decoding=\"async\" width=\"751\" height=\"430\" src=\"https:\/\/www.solhabitat.com\/blog\/wp-content\/uploads\/2024\/01\/Castell-de-granadella-javea-751x430.jpg\" class=\"attachment-post size-post wp-image-2320\" alt=\"Castell-de-granadella-javea\" loading=\"lazy\" \/><\/div>\n\t\t<\/a>\n\t\t\t\t<div class=\"elementor-post__text\">\n\t\t\t\t<h3 class=\"elementor-post__title\">\n\t\t\t<a href=\"https:\/\/www.solhabitat.com\/blog\/castell-de-la-granadella\/\" >\n\t\t\t\tCastell de la Granadella: vistas espectaculares en la Costa Blanca\t\t\t<\/a>\n\t\t<\/h3>\n\t\t\t\t<div class=\"elementor-post__meta-data\">\n\t\t\t\t\t<span class=\"elementor-post-date\">\n\t\t\tenero 15, 2024\t\t<\/span>\n\t\t\t\t<\/div>\n\t\t\t\t<div class=\"elementor-post__excerpt\">\n\t\t\t<p>En la fant\u00e1stica provincia de Alicante podemos encontrar el Castell de la Granadella, un lugar lleno de historia y que<\/p>\n\t\t<\/div>\n\t\t\n\t\t<a class=\"elementor-post__read-more\" href=\"https:\/\/www.solhabitat.com\/blog\/castell-de-la-granadella\/\" >\n\t\t\tLeer m\u00e1s\t\t<\/a>\n\n\t\t\t\t<\/div>\n\t\t\t\t<\/article>\n\t\t\t\t<article class=\"elementor-post elementor-grid-item post-2268 post type-post status-publish format-standard has-post-thumbnail hentry category-calpe category-zona-costa-blanca\">\n\t\t\t\t<a class=\"elementor-post__thumbnail__link\" href=\"https:\/\/www.solhabitat.com\/blog\/penon-ifach-calpe\/\" >\n\t\t\t<div class=\"elementor-post__thumbnail\"><img decoding=\"async\" width=\"751\" height=\"430\" src=\"https:\/\/www.solhabitat.com\/blog\/wp-content\/uploads\/2024\/01\/penon-ifach-calpe-751x430.jpg\" class=\"attachment-post size-post wp-image-2283\" alt=\"penon-ifach-calpe\" loading=\"lazy\" \/><\/div>\n\t\t<\/a>\n\t\t\t\t<div class=\"elementor-post__text\">\n\t\t\t\t<h3 class=\"elementor-post__title\">\n\t\t\t<a href=\"https:\/\/www.solhabitat.com\/blog\/penon-ifach-calpe\/\" >\n\t\t\t\tPenyal d&#8217;Ifac: la Fuerza de un Gigante\t\t\t<\/a>\n\t\t<\/h3>\n\t\t\t\t<div class=\"elementor-post__meta-data\">\n\t\t\t\t\t<span class=\"elementor-post-date\">\n\t\t\tenero 11, 2024\t\t<\/span>\n\t\t\t\t<\/div>\n\t\t\t\t<div class=\"elementor-post__excerpt\">\n\t\t\t<p>En la localidad de Calpe, entre Altea y Moraira, existe un gigante llamado Penyal D\u2019Ifac, (Pe\u00f1\u00f3n de Ifach en castellano)<\/p>\n\t\t<\/div>\n\t\t\n\t\t<a class=\"elementor-post__read-more\" href=\"https:\/\/www.solhabitat.com\/blog\/penon-ifach-calpe\/\" >\n\t\t\tLeer m\u00e1s\t\t<\/a>\n\n\t\t\t\t<\/div>\n\t\t\t\t<\/article>\n\t\t\t\t<article class=\"elementor-post elementor-grid-item post-2185 post type-post status-publish format-standard has-post-thumbnail hentry category-zona-costa-blanca tag-que-ver-en-moraira\">\n\t\t\t\t<a class=\"elementor-post__thumbnail__link\" href=\"https:\/\/www.solhabitat.com\/blog\/playa-cap-blanc\/\" >\n\t\t\t<div class=\"elementor-post__thumbnail\"><img decoding=\"async\" width=\"751\" height=\"430\" src=\"https:\/\/www.solhabitat.com\/blog\/wp-content\/uploads\/2023\/12\/Visitar-cala-cap-blanc-751x430.jpg\" class=\"attachment-post size-post wp-image-2219\" alt=\"Visitar-cala-cap-blanc\" loading=\"lazy\" \/><\/div>\n\t\t<\/a>\n\t\t\t\t<div class=\"elementor-post__text\">\n\t\t\t\t<h3 class=\"elementor-post__title\">\n\t\t\t<a href=\"https:\/\/www.solhabitat.com\/blog\/playa-cap-blanc\/\" >\n\t\t\t\tPlaya Cap Blanc o Cala Punta Estrella: vive una experiencia \u00fanica\t\t\t<\/a>\n\t\t<\/h3>\n\t\t\t\t<div class=\"elementor-post__meta-data\">\n\t\t\t\t\t<span class=\"elementor-post-date\">\n\t\t\tdiciembre 15, 2023\t\t<\/span>\n\t\t\t\t<\/div>\n\t\t\t\t<div class=\"elementor-post__excerpt\">\n\t\t\t<p>Dif\u00edcilmente has visto algo parecido a la Cala&nbsp;Cap Blanc de Moraira. Conocida tambi\u00e9n como Cala Punta Estrella y localizada en<\/p>\n\t\t<\/div>\n\t\t\n\t\t<a class=\"elementor-post__read-more\" href=\"https:\/\/www.solhabitat.com\/blog\/playa-cap-blanc\/\" >\n\t\t\tLeer m\u00e1s\t\t<\/a>\n\n\t\t\t\t<\/div>\n\t\t\t\t<\/article>\n\t\t\t\t<article class=\"elementor-post elementor-grid-item post-2180 post type-post status-publish format-standard has-post-thumbnail hentry category-zona-costa-blanca\">\n\t\t\t\t<a class=\"elementor-post__thumbnail__link\" href=\"https:\/\/www.solhabitat.com\/blog\/cala-baladrar\/\" >\n\t\t\t<div class=\"elementor-post__thumbnail\"><img decoding=\"async\" width=\"751\" height=\"430\" src=\"https:\/\/www.solhabitat.com\/blog\/wp-content\/uploads\/2023\/12\/Cala-baladrar-751x430.jpg\" class=\"attachment-post size-post wp-image-2203\" alt=\"Cala-baladrar\" loading=\"lazy\" \/><\/div>\n\t\t<\/a>\n\t\t\t\t<div class=\"elementor-post__text\">\n\t\t\t\t<h3 class=\"elementor-post__title\">\n\t\t\t<a href=\"https:\/\/www.solhabitat.com\/blog\/cala-baladrar\/\" >\n\t\t\t\tDescubre a Cala Del Baladrar, un nuevo para\u00edso en la Costa Blanca\t\t\t<\/a>\n\t\t<\/h3>\n\t\t\t\t<div class=\"elementor-post__meta-data\">\n\t\t\t\t\t<span class=\"elementor-post-date\">\n\t\t\tdiciembre 15, 2023\t\t<\/span>\n\t\t\t\t<\/div>\n\t\t\t\t<div class=\"elementor-post__excerpt\">\n\t\t\t<p>Cuando llegues a Cala del Baladrar, en la Costa Blanca, dudar\u00e1s de lo que est\u00e1n viendo tus ojos. Parece mentira<\/p>\n\t\t<\/div>\n\t\t\n\t\t<a class=\"elementor-post__read-more\" href=\"https:\/\/www.solhabitat.com\/blog\/cala-baladrar\/\" >\n\t\t\tLeer m\u00e1s\t\t<\/a>\n\n\t\t\t\t<\/div>\n\t\t\t\t<\/article>\n\t\t\t\t<\/div>\n\t\t\t\t\t<span class=\"e-load-more-spinner\">\n\t\t\t\t<i aria-hidden=\"true\" class=\"fas fa-spinner\"><\/i>\t\t\t<\/span>\n\t\t\n\t\t\t\t<div class=\"e-load-more-anchor\" data-page=\"1\" data-max-page=\"8\" data-next-page=\"https:\/\/www.solhabitat.com\/blog\/wp-json\/wp\/v2\/pages\/1157\/page\/2\/\"><\/div>\n\t\t\t\t<div class=\"elementor-button-wrapper\">\n\t\t\t<a href=\"#\" class=\"elementor-button-link elementor-button\" role=\"button\">\n\t\t\t\t\t\t<span class=\"elementor-button-content-wrapper\">\n\t\t\t\t\t\t<span class=\"elementor-button-text\">Ver m\u00e1s <\/span>\n\t\t<\/span>\n\t\t\t\t\t<\/a>\n\t\t<\/div>\n\t\t\t\t<div class=\"e-load-more-message\"><\/div>\n\t\t\t\t<\/div>\n\t\t\t\t<\/div>\n\t\t\t\t\t<\/div>\n\t\t<\/div>\n\t\t\t\t\t\t\t<\/div>\n\t\t<\/section>\n\t\t\t\t\t\t\t<\/div>\n\t\t","protected":false},"excerpt":{"rendered":"<p>Toda la informaci\u00f3n tur\u00edstica de Costa Blanca Descubre todo lo que tiene para ofrecerte Costa Blanca, un rinc\u00f3n del Mediterr\u00e1neo&#8230;<\/p>\n","protected":false},"author":25,"featured_media":0,"parent":0,"menu_order":0,"comment_status":"closed","ping_status":"closed","template":"elementor_header_footer","meta":[],"yoast_head":"<!-- This site is optimized with the Yoast SEO plugin v20.5 - https:\/\/yoast.com\/wordpress\/plugins\/seo\/ -->\n<title>Turismo en Costa Blanca I Blog<\/title>\n<meta name=\"description\" content=\"Descubre todo sobre Costa Blanca. Sum\u00e9rgete en nuestro blog y descubre cada rinc\u00f3n de esta zona del Mediterr\u00e1neo. No te pierdas nada!\" \/>\n<meta name=\"robots\" content=\"index, follow, max-snippet:-1, max-image-preview:large, max-video-preview:-1\" \/>\n<link rel=\"canonical\" href=\"https:\/\/www.solhabitat.com\/blog\/\" \/>\n<meta property=\"og:locale\" content=\"es_ES\" \/>\n<meta property=\"og:type\" content=\"article\" \/>\n<meta property=\"og:title\" content=\"Turismo en Costa Blanca I Blog\" \/>\n<meta property=\"og:description\" content=\"Descubre todo sobre Costa Blanca. Sum\u00e9rgete en nuestro blog y descubre cada rinc\u00f3n de esta zona del Mediterr\u00e1neo. No te pierdas nada!\" \/>\n<meta property=\"og:url\" content=\"https:\/\/www.solhabitat.com\/blog\/\" \/>\n<meta property=\"og:site_name\" content=\"Solhabitat Holiday Homes | Blog\" \/>\n<meta property=\"article:modified_time\" content=\"2023-08-09T07:44:04+00:00\" \/>\n<meta name=\"twitter:card\" content=\"summary_large_image\" \/>\n<meta name=\"twitter:label1\" content=\"Tiempo de lectura\" \/>\n\t<meta name=\"twitter:data1\" content=\"3 minutos\" \/>\n<script type=\"application\/ld+json\" class=\"yoast-schema-graph\">{\"@context\":\"https:\/\/schema.org\",\"@graph\":[{\"@type\":\"WebPage\",\"@id\":\"https:\/\/www.solhabitat.com\/blog\/\",\"url\":\"https:\/\/www.solhabitat.com\/blog\/\",\"name\":\"Turismo en Costa Blanca I Blog\",\"isPartOf\":{\"@id\":\"https:\/\/www.solhabitat.com\/blog\/#website\"},\"datePublished\":\"2023-04-04T11:03:16+00:00\",\"dateModified\":\"2023-08-09T07:44:04+00:00\",\"description\":\"Descubre todo sobre Costa Blanca. Sum\u00e9rgete en nuestro blog y descubre cada rinc\u00f3n de esta zona del Mediterr\u00e1neo. No te pierdas nada!\",\"inLanguage\":\"es\",\"potentialAction\":[{\"@type\":\"ReadAction\",\"target\":[\"https:\/\/www.solhabitat.com\/blog\/\"]}]},{\"@type\":\"WebSite\",\"@id\":\"https:\/\/www.solhabitat.com\/blog\/#website\",\"url\":\"https:\/\/www.solhabitat.com\/blog\/\",\"name\":\"Solhabitat Holiday Homes | Blog\",\"description\":\"Apartamentos en Costa Blanca - Moraira | SolHabitat\",\"potentialAction\":[{\"@type\":\"SearchAction\",\"target\":{\"@type\":\"EntryPoint\",\"urlTemplate\":\"https:\/\/www.solhabitat.com\/blog\/?s={search_term_string}\"},\"query-input\":\"required name=search_term_string\"}],\"inLanguage\":\"es\"}]}<\/script>\n<!-- \/ Yoast SEO plugin. -->","yoast_head_json":{"title":"Turismo en Costa Blanca I Blog","description":"Descubre todo sobre Costa Blanca. Sum\u00e9rgete en nuestro blog y descubre cada rinc\u00f3n de esta zona del Mediterr\u00e1neo. No te pierdas nada!","robots":{"index":"index","follow":"follow","max-snippet":"max-snippet:-1","max-image-preview":"max-image-preview:large","max-video-preview":"max-video-preview:-1"},"canonical":"https:\/\/www.solhabitat.com\/blog\/","og_locale":"es_ES","og_type":"article","og_title":"Turismo en Costa Blanca I Blog","og_description":"Descubre todo sobre Costa Blanca. Sum\u00e9rgete en nuestro blog y descubre cada rinc\u00f3n de esta zona del Mediterr\u00e1neo. No te pierdas nada!","og_url":"https:\/\/www.solhabitat.com\/blog\/","og_site_name":"Solhabitat Holiday Homes | Blog","article_modified_time":"2023-08-09T07:44:04+00:00","twitter_card":"summary_large_image","twitter_misc":{"Tiempo de lectura":"3 minutos"},"schema":{"@context":"https:\/\/schema.org","@graph":[{"@type":"WebPage","@id":"https:\/\/www.solhabitat.com\/blog\/","url":"https:\/\/www.solhabitat.com\/blog\/","name":"Turismo en Costa Blanca I Blog","isPartOf":{"@id":"https:\/\/www.solhabitat.com\/blog\/#website"},"datePublished":"2023-04-04T11:03:16+00:00","dateModified":"2023-08-09T07:44:04+00:00","description":"Descubre todo sobre Costa Blanca. Sum\u00e9rgete en nuestro blog y descubre cada rinc\u00f3n de esta zona del Mediterr\u00e1neo. No te pierdas nada!","inLanguage":"es","potentialAction":[{"@type":"ReadAction","target":["https:\/\/www.solhabitat.com\/blog\/"]}]},{"@type":"WebSite","@id":"https:\/\/www.solhabitat.com\/blog\/#website","url":"https:\/\/www.solhabitat.com\/blog\/","name":"Solhabitat Holiday Homes | Blog","description":"Apartamentos en Costa Blanca - Moraira | SolHabitat","potentialAction":[{"@type":"SearchAction","target":{"@type":"EntryPoint","urlTemplate":"https:\/\/www.solhabitat.com\/blog\/?s={search_term_string}"},"query-input":"required name=search_term_string"}],"inLanguage":"es"}]}},"_links":{"self":[{"href":"https:\/\/www.solhabitat.com\/blog\/wp-json\/wp\/v2\/pages\/1157"}],"collection":[{"href":"https:\/\/www.solhabitat.com\/blog\/wp-json\/wp\/v2\/pages"}],"about":[{"href":"https:\/\/www.solhabitat.com\/blog\/wp-json\/wp\/v2\/types\/page"}],"author":[{"embeddable":true,"href":"https:\/\/www.solhabitat.com\/blog\/wp-json\/wp\/v2\/users\/25"}],"replies":[{"embeddable":true,"href":"https:\/\/www.solhabitat.com\/blog\/wp-json\/wp\/v2\/comments?post=1157"}],"version-history":[{"count":20,"href":"https:\/\/www.solhabitat.com\/blog\/wp-json\/wp\/v2\/pages\/1157\/revisions"}],"predecessor-version":[{"id":1688,"href":"https:\/\/www.solhabitat.com\/blog\/wp-json\/wp\/v2\/pages\/1157\/revisions\/1688"}],"wp:attachment":[{"href":"https:\/\/www.solhabitat.com\/blog\/wp-json\/wp\/v2\/media?parent=1157"}],"curies":[{"name":"wp","href":"https:\/\/api.w.org\/{rel}","templated":true}]}}